{"id":27,"date":"2016-02-07T12:25:04","date_gmt":"2016-02-07T17:25:04","guid":{"rendered":"https:\/\/cablagevd.ca\/?page_id=27"},"modified":"2016-02-07T14:10:26","modified_gmt":"2016-02-07T19:10:26","slug":"departement-cablage","status":"publish","type":"page","link":"https:\/\/cablagevd.ca\/?page_id=27","title":{"rendered":"D\u00e9partement C\u00e2blage"},"content":{"rendered":"<p>Vous avez des besoins en c\u00e2blage de tout genre? Nous sommes l\u00e0 pour vous servir. D\u00e9tenant nos cartes de Sant\u00e9 S\u00e9curit\u00e9 au Travail et une attestation d\u2019op\u00e9ration de plates-formes \u00e9l\u00e9vatrices, en plus d\u2019\u00eatre d\u00e9tenteurs d\u2019une assurance responsabilit\u00e9, nous vous garantissons que les mesures seront prises pour une r\u00e9alisation de projet en toute s\u00e9curit\u00e9.<\/p>\n","protected":false},"excerpt":{"rendered":"<p>Vous avez des besoins en c\u00e2blage de tout genre? Nous sommes l\u00e0 pour vous servir. D\u00e9tenant nos cartes de Sant\u00e9 S\u00e9curit\u00e9 au Travail et une attestation d\u2019op\u00e9ration de plates-formes \u00e9l\u00e9vatrices, en plus d\u2019\u00eatre d\u00e9tenteurs d\u2019une assurance responsabilit\u00e9, nous vous garantissons que les mesures seront prises pour une r\u00e9alisation de projet en toute s\u00e9curit\u00e9.<\/p>\n","protected":false},"author":1,"featured_media":0,"parent":0,"menu_order":0,"comment_status":"closed","ping_status":"closed","template":"","meta":[],"_links":{"self":[{"href":"https:\/\/cablagevd.ca\/index.php?rest_route=\/wp\/v2\/pages\/27"}],"collection":[{"href":"https:\/\/cablagevd.ca\/index.php?rest_route=\/wp\/v2\/pages"}],"about":[{"href":"https:\/\/cablagevd.ca\/index.php?rest_route=\/wp\/v2\/types\/page"}],"author":[{"embeddable":true,"href":"https:\/\/cablagevd.ca\/index.php?rest_route=\/wp\/v2\/users\/1"}],"replies":[{"embeddable":true,"href":"https:\/\/cablagevd.ca\/index.php?rest_route=%2Fwp%2Fv2%2Fcomments&post=27"}],"version-history":[{"count":2,"href":"https:\/\/cablagevd.ca\/index.php?rest_route=\/wp\/v2\/pages\/27\/revisions"}],"predecessor-version":[{"id":43,"href":"https:\/\/cablagevd.ca\/index.php?rest_route=\/wp\/v2\/pages\/27\/revisions\/43"}],"wp:attachment":[{"href":"https:\/\/cablagevd.ca\/index.php?rest_route=%2Fwp%2Fv2%2Fmedia&parent=27"}],"curies":[{"name":"wp","href":"https:\/\/api.w.org\/{rel}","templated":true}]}}