{"id":29,"date":"2016-02-07T12:25:33","date_gmt":"2016-02-07T17:25:33","guid":{"rendered":"https:\/\/cablagevd.ca\/?page_id=29"},"modified":"2016-02-07T14:11:23","modified_gmt":"2016-02-07T19:11:23","slug":"departement-technique","status":"publish","type":"page","link":"https:\/\/cablagevd.ca\/?page_id=29","title":{"rendered":"D\u00e9partement Technique"},"content":{"rendered":"<p>Vous avez des besoins au niveau technique? Ajout de postes t\u00e9l\u00e9phoniques, ajout de prises data. Nous sommes l\u00e0 pour vous servir. Avec des tarifs comp\u00e9titifs et une exp\u00e9rience bien acquise, il nous fera plaisir de r\u00e9soudre vos probl\u00e8mes.<\/p>\n","protected":false},"excerpt":{"rendered":"<p>Vous avez des besoins au niveau technique? Ajout de postes t\u00e9l\u00e9phoniques, ajout de prises data. Nous sommes l\u00e0 pour vous servir. Avec des tarifs comp\u00e9titifs et une exp\u00e9rience bien acquise, il nous fera plaisir de r\u00e9soudre vos probl\u00e8mes.<\/p>\n","protected":false},"author":1,"featured_media":0,"parent":0,"menu_order":0,"comment_status":"closed","ping_status":"closed","template":"","meta":[],"_links":{"self":[{"href":"https:\/\/cablagevd.ca\/index.php?rest_route=\/wp\/v2\/pages\/29"}],"collection":[{"href":"https:\/\/cablagevd.ca\/index.php?rest_route=\/wp\/v2\/pages"}],"about":[{"href":"https:\/\/cablagevd.ca\/index.php?rest_route=\/wp\/v2\/types\/page"}],"author":[{"embeddable":true,"href":"https:\/\/cablagevd.ca\/index.php?rest_route=\/wp\/v2\/users\/1"}],"replies":[{"embeddable":true,"href":"https:\/\/cablagevd.ca\/index.php?rest_route=%2Fwp%2Fv2%2Fcomments&post=29"}],"version-history":[{"count":2,"href":"https:\/\/cablagevd.ca\/index.php?rest_route=\/wp\/v2\/pages\/29\/revisions"}],"predecessor-version":[{"id":45,"href":"https:\/\/cablagevd.ca\/index.php?rest_route=\/wp\/v2\/pages\/29\/revisions\/45"}],"wp:attachment":[{"href":"https:\/\/cablagevd.ca\/index.php?rest_route=%2Fwp%2Fv2%2Fmedia&parent=29"}],"curies":[{"name":"wp","href":"https:\/\/api.w.org\/{rel}","templated":true}]}}