{"id":6,"date":"2016-02-06T21:23:41","date_gmt":"2016-02-07T02:23:41","guid":{"rendered":"https:\/\/cablagevd.ca\/?page_id=6"},"modified":"2016-02-07T14:21:17","modified_gmt":"2016-02-07T19:21:17","slug":"accueil","status":"publish","type":"page","link":"https:\/\/cablagevd.ca\/","title":{"rendered":"Accueil"},"content":{"rendered":"<style>\nh3 {\n   display:none;\n}\n<\/style>\n<h2>Bienvenue chez C\u00e2blage VD !<\/h2>\n<p>C\u00e2blage VD est une jeune entreprise de la grande r\u00e9gion de Montr\u00e9al se sp\u00e9cialisant dans le c\u00e2blage structur\u00e9 t\u00e9l\u00e9phonie et r\u00e9seaux. Avec une formation en c\u00e2blage structur\u00e9 et plus de dix ans d\u2019exp\u00e9rience dans le domaine, nous sommes en mesure de vous offrir un service professionnel rapide et courtois.<\/p>\n","protected":false},"excerpt":{"rendered":"<p>Bienvenue chez C\u00e2blage VD ! C\u00e2blage VD est une jeune entreprise de la grande r\u00e9gion de Montr\u00e9al se sp\u00e9cialisant dans le c\u00e2blage structur\u00e9 t\u00e9l\u00e9phonie et r\u00e9seaux. Avec une formation en c\u00e2blage structur\u00e9 et plus de dix ans d\u2019exp\u00e9rience dans le domaine, nous sommes en mesure de vous offrir un service professionnel rapide et courtois.<\/p>\n","protected":false},"author":1,"featured_media":0,"parent":0,"menu_order":0,"comment_status":"closed","ping_status":"closed","template":"","meta":[],"_links":{"self":[{"href":"https:\/\/cablagevd.ca\/index.php?rest_route=\/wp\/v2\/pages\/6"}],"collection":[{"href":"https:\/\/cablagevd.ca\/index.php?rest_route=\/wp\/v2\/pages"}],"about":[{"href":"https:\/\/cablagevd.ca\/index.php?rest_route=\/wp\/v2\/types\/page"}],"author":[{"embeddable":true,"href":"https:\/\/cablagevd.ca\/index.php?rest_route=\/wp\/v2\/users\/1"}],"replies":[{"embeddable":true,"href":"https:\/\/cablagevd.ca\/index.php?rest_route=%2Fwp%2Fv2%2Fcomments&post=6"}],"version-history":[{"count":13,"href":"https:\/\/cablagevd.ca\/index.php?rest_route=\/wp\/v2\/pages\/6\/revisions"}],"predecessor-version":[{"id":81,"href":"https:\/\/cablagevd.ca\/index.php?rest_route=\/wp\/v2\/pages\/6\/revisions\/81"}],"wp:attachment":[{"href":"https:\/\/cablagevd.ca\/index.php?rest_route=%2Fwp%2Fv2%2Fmedia&parent=6"}],"curies":[{"name":"wp","href":"https:\/\/api.w.org\/{rel}","templated":true}]}}